{"id":851,"date":"2013-06-05T14:28:04","date_gmt":"2013-06-05T14:28:04","guid":{"rendered":"http:\/\/www.soleilfilm.at\/blog\/de\/?page_id=851"},"modified":"2025-06-11T13:39:59","modified_gmt":"2025-06-11T11:39:59","slug":"imprint","status":"publish","type":"page","link":"https:\/\/2015.soleilfilm.at\/de\/imprint\/","title":{"rendered":"impressum"},"content":{"rendered":"\t\t<div data-elementor-type=\"wp-page\" data-elementor-id=\"851\" class=\"elementor elementor-851\" data-elementor-post-type=\"page\">\n\t\t\t\t<div class=\"elementor-element elementor-element-6dff19de e-flex e-con-boxed e-con e-parent\" data-id=\"6dff19de\" data-element_type=\"container\">\n\t\t\t\t\t<div class=\"e-con-inner\">\n\t\t\t\t<div class=\"elementor-element elementor-element-101bb5ff elementor-widget elementor-widget-text-editor\" data-id=\"101bb5ff\" data-element_type=\"widget\" data-widget_type=\"text-editor.default\">\n\t\t\t\t<div class=\"elementor-widget-container\">\n\t\t\t\t\t\t\t\t\t<img decoding=\"async\" class=\"alignleft wp-image-1214\" src=\"https:\/\/www.soleilfilm.at\/blog\/de\/wp-content\/uploads\/sites\/4\/soleil-film-logo.png\" alt=\"Soleil Film - film production, Wien, Austria\" width=\"215\" height=\"95\" \/>\n<strong>SOLEIL FILM<\/strong>\nLe Groupe Soleil Film &amp; Multimediaproduktion GmbH\nLinke Wienzeile 142\/13, A-1060 Wien, \u00d6STERREICH\n\n<iframe src=\"http:\/\/maps.google.at\/maps?q=le+groupe+soleil&amp;gl=at&amp;hl=de&amp;ie=UTF8&amp;view=map&amp;cid=13108668665651837902&amp;ll=48.190123,16.350467&amp;spn=0.005007,0.006008&amp;z=16&amp;iwloc=near&amp;output=embed\" width=\"600\" height=\"300\" frameborder=\"0\" marginwidth=\"0\" marginheight=\"0\" scrolling=\"no\"><\/iframe>\n\nn\u00e4chste U-Bahn-Station:<strong> U4 <\/strong>Pilgramgasse (5 Minuten)\nwir sprechen: Deutsch, Englisch, Polnisch, Franz\u00f6sisch, Spanisch, Russisch\nB\u00fcrostunden: Montag bis Freitag von 10.00 bis 17.00\n\n<a href=\"http:\/\/maps.google.at\/maps\/place?cid=13108668665651837902&amp;q=le+groupe+soleil&amp;gl=at&amp;hl=de&amp;ie=UTF8&amp;z=14\" target=\"_blank\" rel=\"noopener noreferrer\">Finde uns auf Google Maps<\/a>\n\nEmail: <strong>office\u2600soleilfilm.at<\/strong> (generelle Anfragen)\n\n<strong>J\u00fcrgen<\/strong> Karasek, Produzent, j.karasek\u2600soleilfilm.at, +43 699 12397478\n<strong>Alice<\/strong> Karasek, Produzentin, a.karasek\u2600soleilfilm.at\n<strong>Sebastian<\/strong> Schmidl, Produzent, s.schmidl\u2600soleilfilm.at\n<strong>Filip<\/strong> Antoni Malinowski, Produzent, malinowski\u2600soleilfilm.at\n\nAlle Email-Konten verf\u00fcgen \u00fcber <strong>GPG-Verschl\u00fcsselung<\/strong>.\nVerschl\u00fcsselte Anrufe &amp; Chats \u00fcber Signal m\u00f6glich.\n\n<strong>Gesch\u00e4ftsf\u00fchrer:<\/strong> J\u00fcrgen Karasek | <strong>Prokurist:<\/strong> Filip Antoni Malinowski\nFN: 318347h | UID: ATU64500588 | Gerichtsstand Wien\nEORI #: ATEOS1000019549\nLe Groupe Soleil Film &amp; Multimediaproduktion GmbH\n\n<a href=\"http:\/\/www.soleilfilm.at\/soleil_logos.zip\">Soleil Film Logos<\/a>\n\n\u00a9 Le Groupe Soleil |\nAlle Rechte vorbehalten.\n\n<strong>JOBS<\/strong>\n\nWir suchen derzeit nach: (Bewerbungen bitte per Email)\n\nmotivierte, bereits erfahrene PraktikantInnen\n\n<!-- Begin MailChimp Signup Form -->\n<div id=\"mc_embed_signup\"><form id=\"mc-embedded-subscribe-form\" class=\"validate\" action=\"\/\/soleilfilm.us5.list-manage.com\/subscribe\/post?u=010fa391d890d7e7ab09bd5c3&amp;id=6710f2f420\" method=\"post\" name=\"mc-embedded-subscribe-form\" novalidate=\"\" target=\"_blank\">\n<div id=\"mc_embed_signup_scroll\"><strong><label for=\"mce-EMAIL\">SOLEIL FILM MALING LIST<\/label><\/strong>\n<input id=\"mce-EMAIL\" class=\"email\" name=\"EMAIL\" required=\"\" type=\"email\" value=\"\" placeholder=\"email address\" \/>\n<!-- real people should not fill this in and expect good things - do not remove this or risk form bot signups-->\n<div style=\"position: absolute; left: -5000px;\"><input tabindex=\"-1\" name=\"b_010fa391d890d7e7ab09bd5c3_6710f2f420\" type=\"text\" value=\"\" \/><\/div>\n<div class=\"clear\"><input id=\"mc-embedded-subscribe\" class=\"button\" name=\"subscribe\" type=\"submit\" value=\"Subscribe\" \/><\/div>\n<\/div>\n<\/form><\/div>\n<!--End mc_embed_signup-->\n\n<a href=\"https:\/\/soleilfilm.at\/nextcloud\/\" target=\"_blank\" rel=\"noopener noreferrer\"><strong>SOLEIL CLOUD SERVICE<\/strong><\/a>\n&#8211; sende uns deine Dateien. SSL-256 verschl\u00fcsselt.\n\n<strong>HYPERLINKS\n<\/strong><a href=\"https:\/\/dok.at\/\" target=\"_blank\" rel=\"noopener noreferrer\">dok.at<\/a>\n<a href=\"http:\/\/www.austrianfilms.com\/news\" target=\"_blank\" rel=\"noopener noreferrer\">austrianfilms.com<\/a><strong>\n<\/strong><a href=\"http:\/\/www.austrian-film.com\" target=\"_blank\" rel=\"noopener noreferrer\">austrian-film.com<\/a><strong>\n<\/strong><a href=\"https:\/\/www.ada-directors.com\/\" target=\"_blank\" rel=\"noopener noreferrer\">ada-directors.com<\/a><strong>\n<\/strong><a href=\"http:\/\/soleilfilm.at\/mariamusspacken\/\" target=\"_blank\" rel=\"noopener noreferrer\">mariamusspacken.at<\/a>\n<a href=\"http:\/\/www.guardians-of-the-earth.net\" target=\"_blank\" rel=\"noopener noreferrer\">guardians-of-the-earth.net<\/a><a href=\"http:\/\/www.vimeo.com\/soleilfilm\" target=\"_blank\" rel=\"noopener noreferrer\">\n<\/a><a href=\"http:\/\/waitingforthemoon.soleilfilm.at\/\" target=\"_blank\" rel=\"noopener noreferrer\">waitingforthemoon.net<\/a><a href=\"http:\/\/www.vimeo.com\/soleilfilm\" target=\"_blank\" rel=\"noopener noreferrer\">\n<\/a><a href=\"http:\/\/www.filipmalinowski.net\" target=\"_blank\" rel=\"noopener noreferrer\">filipmalinowski.net<\/a>\n<a href=\"https:\/\/cineuropa.org\" target=\"_blank\" rel=\"noopener noreferrer\">cineuropa.org<\/a><a href=\"http:\/\/www.vimeo.com\/soleilfilm\" target=\"_blank\" rel=\"noopener noreferrer\">\n<\/a>\n\nfolge Soleil Film auf <a href=\"https:\/\/vimeo.com\/soleilfilm\/videos\" target=\"_blank\" rel=\"noopener noreferrer\">Vimeo<\/a> oder auf <a href=\"https:\/\/www.facebook.com\/SoleilFilm\/\" target=\"_blank\" rel=\"noopener noreferrer\">Facebook<\/a>\n\n[social]\t\t\t\t\t\t\t\t<\/div>\n\t\t\t\t<\/div>\n\t\t\t\t\t<\/div>\n\t\t\t\t<\/div>\n\t\t\t\t<\/div>\n\t\t","protected":false},"excerpt":{"rendered":"<p>SOLEIL FILM Le Groupe Soleil Film &amp; Multimediaproduktion GmbH Linke Wienzeile 142\/13, A-1060 Wien, \u00d6STERREICH n\u00e4chste U-Bahn-Station: U4 Pilgramgasse (5 [&hellip;]<\/p>\n","protected":false},"author":1,"featured_media":0,"parent":0,"menu_order":0,"comment_status":"closed","ping_status":"closed","template":"","meta":{"site-sidebar-layout":"default","site-content-layout":"","ast-site-content-layout":"default","site-content-style":"default","site-sidebar-style":"default","ast-global-header-display":"","ast-banner-title-visibility":"","ast-main-header-display":"","ast-hfb-above-header-display":"","ast-hfb-below-header-display":"","ast-hfb-mobile-header-display":"","site-post-title":"","ast-breadcrumbs-content":"","ast-featured-img":"","footer-sml-layout":"","ast-disable-related-posts":"","theme-transparent-header-meta":"","adv-header-id-meta":"","stick-header-meta":"","header-above-stick-meta":"","header-main-stick-meta":"","header-below-stick-meta":"","astra-migrate-meta-layouts":"default","ast-page-background-enabled":"default","ast-page-background-meta":{"desktop":{"background-color":"var(--ast-global-color-4)","background-image":"","background-repeat":"repeat","background-position":"center center","background-size":"auto","background-attachment":"scroll","background-type":"","background-media":"","overlay-type":"","overlay-color":"","overlay-opacity":"","overlay-gradient":""},"tablet":{"background-color":"","background-image":"","background-repeat":"repeat","background-position":"center center","background-size":"auto","background-attachment":"scroll","background-type":"","background-media":"","overlay-type":"","overlay-color":"","overlay-opacity":"","overlay-gradient":""},"mobile":{"background-color":"","background-image":"","background-repeat":"repeat","background-position":"center center","background-size":"auto","background-attachment":"scroll","background-type":"","background-media":"","overlay-type":"","overlay-color":"","overlay-opacity":"","overlay-gradient":""}},"ast-content-background-meta":{"desktop":{"background-color":"var(--ast-global-color-5)","background-image":"","background-repeat":"repeat","background-position":"center center","background-size":"auto","background-attachment":"scroll","background-type":"","background-media":"","overlay-type":"","overlay-color":"","overlay-opacity":"","overlay-gradient":""},"tablet":{"background-color":"var(--ast-global-color-5)","background-image":"","background-repeat":"repeat","background-position":"center center","background-size":"auto","background-attachment":"scroll","background-type":"","background-media":"","overlay-type":"","overlay-color":"","overlay-opacity":"","overlay-gradient":""},"mobile":{"background-color":"var(--ast-global-color-5)","background-image":"","background-repeat":"repeat","background-position":"center center","background-size":"auto","background-attachment":"scroll","background-type":"","background-media":"","overlay-type":"","overlay-color":"","overlay-opacity":"","overlay-gradient":""}},"footnotes":""},"class_list":["post-851","page","type-page","status-publish","hentry"],"_links":{"self":[{"href":"https:\/\/2015.soleilfilm.at\/de\/wp-json\/wp\/v2\/pages\/851","targetHints":{"allow":["GET"]}}],"collection":[{"href":"https:\/\/2015.soleilfilm.at\/de\/wp-json\/wp\/v2\/pages"}],"about":[{"href":"https:\/\/2015.soleilfilm.at\/de\/wp-json\/wp\/v2\/types\/page"}],"author":[{"embeddable":true,"href":"https:\/\/2015.soleilfilm.at\/de\/wp-json\/wp\/v2\/users\/1"}],"replies":[{"embeddable":true,"href":"https:\/\/2015.soleilfilm.at\/de\/wp-json\/wp\/v2\/comments?post=851"}],"version-history":[{"count":111,"href":"https:\/\/2015.soleilfilm.at\/de\/wp-json\/wp\/v2\/pages\/851\/revisions"}],"predecessor-version":[{"id":4731,"href":"https:\/\/2015.soleilfilm.at\/de\/wp-json\/wp\/v2\/pages\/851\/revisions\/4731"}],"wp:attachment":[{"href":"https:\/\/2015.soleilfilm.at\/de\/wp-json\/wp\/v2\/media?parent=851"}],"curies":[{"name":"wp","href":"https:\/\/api.w.org\/{rel}","templated":true}]}}