{"id":3268,"date":"2019-03-03T21:35:04","date_gmt":"2019-03-03T20:35:04","guid":{"rendered":"http:\/\/www.soleilfilm.at\/blog\/de\/?page_id=3268"},"modified":"2025-06-12T12:54:56","modified_gmt":"2025-06-12T10:54:56","slug":"wer-wir-sind","status":"publish","type":"page","link":"https:\/\/2015.soleilfilm.at\/de\/wer-wir-sind\/","title":{"rendered":"wer-wir-sind"},"content":{"rendered":"\t\t<div data-elementor-type=\"wp-page\" data-elementor-id=\"3268\" class=\"elementor elementor-3268\" data-elementor-post-type=\"page\">\n\t\t\t\t<div class=\"elementor-element elementor-element-3ec3c084 e-con-full e-flex e-con e-parent\" data-id=\"3ec3c084\" data-element_type=\"container\">\n\t\t\t\t<div class=\"elementor-element elementor-element-1c4af49 elementor-widget elementor-widget-text-editor\" data-id=\"1c4af49\" data-element_type=\"widget\" data-widget_type=\"text-editor.default\">\n\t\t\t\t<div class=\"elementor-widget-container\">\n\t\t\t\t\t\t\t\t\t<p><img fetchpriority=\"high\" decoding=\"async\" class=\"alignnone size-medium wp-image-2472\" src=\"https:\/\/www.soleilfilm.at\/blog\/de\/wp-content\/uploads\/sites\/4\/soleil-film-saarbru\u0308cken-max-o\u0308phuls-e1488573877886-600x392.jpg\" alt=\"\" width=\"600\" height=\"392\" srcset=\"https:\/\/2015.soleilfilm.at\/de\/wp-content\/uploads\/sites\/4\/soleil-film-saarbru\u0308cken-max-o\u0308phuls-e1488573877886-600x392.jpg 600w, https:\/\/2015.soleilfilm.at\/de\/wp-content\/uploads\/sites\/4\/soleil-film-saarbru\u0308cken-max-o\u0308phuls-e1488573877886-768x502.jpg 768w, https:\/\/2015.soleilfilm.at\/de\/wp-content\/uploads\/sites\/4\/soleil-film-saarbru\u0308cken-max-o\u0308phuls-e1488573877886.jpg 769w\" sizes=\"(max-width: 600px) 100vw, 600px\" \/><\/p><p>Alle filmischen Erz\u00e4hlformen haben f\u00fcr uns ihre <strong>Faszination &#8211; <\/strong>wir arbeiten an <strong>Dokumentarfilmen<\/strong> und <strong>Spielfilmen<\/strong>, f\u00fcr <strong>Kino und f\u00fcr Fernsehen<\/strong>. Unsere bisherigen Projekte wurden auf zahlreichen <strong>(Key-)Festivals<\/strong> gezeigt und mit <strong>Preisen ausgezeichnet<\/strong>. Unser Kernteam an engagierten ProduzentInnen widmet sich gemeinsam mit dem\/der RegisseurIn und den Kreativverantwortlichen allen Produktionsphasen &#8211; der Konzeptentwicklung, Herstellung und Verwertung.<\/p><p>Wir m\u00f6chten <strong>mitrei\u00dfende Geschichten erz\u00e4hlen<\/strong>, unser Publikum begeistern und inspirieren, \u00fcberraschen, lachen und weinen lassen &#8211; Stoffe zum Nachdenken liefern. Wir glauben, an die Kraft des Mediums Film \u2013 sein Potential Menschen \u00fcber relevante Themen reflektieren zu lassen, Diskussionen zu provozieren und Ver\u00e4nderungen bewirken zu k\u00f6nnen.<\/p><p>Unser Portfolio an AutorInnen &amp; Filmen w\u00e4chst &#8211; und in den letzten Jahren haben wir einen Schwerpunkt auf <strong>Filme mit politischen und sozialen Themen<\/strong> gesetzt. Wir vertiefen uns in Mikrokosmen, erz\u00e4hlen kleine und pers\u00f6nliche Geschichten, geben einen kleinen Einblick ins Leben von Individuen in sozio-politischen Konflikten und Entwicklungen. Aber wir greifen auch die Makrokosmen an, m\u00f6chten uns selbst gr\u00f6\u00dfere und <strong>komplexere Fragen stellen<\/strong>, uns vielf\u00e4ltigen Geschichten mit globalen Einfl\u00fcssen widmen, bestehende Zusammenh\u00e4nge erforschen.<\/p><p><strong>Soleil Film ist international.<\/strong> Wir schauen gerne \u00fcber die Grenzen, freuen uns mit Kreativen aus der ganzen Welt arbeiten zu d\u00fcrfen, ihre <strong>Geschichten<\/strong> in die lokalen M\u00e4rkte zu bringen. Wir suchen nach starken Ideen, ohne heikle Themen zu vermeiden \u2013 wir suchen danach. Mit den Jahren konnten wir uns ein breites internationales Netzwerk aufbauen, Partner und Institutionen finden, denen wir vertrauen \u2013 und wir sind weiterhin offen f\u00fcr neue Kooperationen. F\u00fcr uns ist das Filmemachen, Teamarbeit; mit und an den gemeinsamen Visionen. Wenn sich diese Vorstellungen mit Deinen decken, <strong>f\u00fchle Dich dazu eingeladen, uns Deine Ideen vorzustellen<\/strong>.<\/p><blockquote><p><strong>Wir sind auf der Suche nach Geschichten im Dokumentar- und Spielfilm<\/strong>, die einzigartig und au\u00dfergew\u00f6hnlich sind, sowohl was ihren Kontext als auch ihre k\u00fcnstlerische Machart betrifft. Sie sollten aktuelle Themen aufgreifen und sowohl ein \u00f6sterreichisches als auch ein internationales Publikum ansprechen k\u00f6nnen.<\/p><\/blockquote><p>In den letzten Jahren kooperierten wir unter anderem mit: ORF, BR, 3sat, CT, TVP, TVN, Planete+, W24 und erhielten <strong>Vertrauen &amp; F\u00f6rdermittel<\/strong> von MEDIA \u2013 Creative Europe, dem \u00d6sterreichischen Filminstitut, dem Wiener Filmfonds, Innovative Film \u2013 Bundeskanzleramt, RTR, Stadt Wien Kultur, Land Nieder\u00f6sterreich Kultur, VAM, European Culture Foundation und vielen anderen F\u00f6rderinstitutionen.<\/p><p><img decoding=\"async\" class=\"alignleft size-medium wp-image-2483\" src=\"https:\/\/www.soleilfilm.at\/blog\/de\/wp-content\/uploads\/sites\/4\/soleil-film-portrait-600x400.jpg\" alt=\"soleil film portrait\" width=\"600\" height=\"400\" srcset=\"https:\/\/2015.soleilfilm.at\/de\/wp-content\/uploads\/sites\/4\/soleil-film-portrait-600x400.jpg 600w, https:\/\/2015.soleilfilm.at\/de\/wp-content\/uploads\/sites\/4\/soleil-film-portrait-1024x683.jpg 1024w, https:\/\/2015.soleilfilm.at\/de\/wp-content\/uploads\/sites\/4\/soleil-film-portrait-800x534.jpg 800w, https:\/\/2015.soleilfilm.at\/de\/wp-content\/uploads\/sites\/4\/soleil-film-portrait.jpg 2000w\" sizes=\"(max-width: 600px) 100vw, 600px\" \/><br \/><strong>Soleil Film GmbH <\/strong>wurde im Oktober 2008 durch <strong>Filip Antoni Malinowski, J\u00fcrgen Karasek <\/strong>und <strong>Alice Karasek<\/strong> als ein kreatives Kollektiv f\u00fcr Filmproduktion gegr\u00fcndet. Zur Zeit arbeiten wir in unserem Wiener B\u00fcro in einem konstanten Team von vier Personen. Unsere Leistungen decken alle Aspekte der Produktion ab, inklusive Postproduktion und Verwertung. Ein hohes Ma\u00df an technischer Qualit\u00e4t und Flexibilit\u00e4t ist auch durch unser eigenes Filmequipment und die hochwertige Postproduktion u.a. mit DaVinci Farbkorrektur gew\u00e4hrleistet.<\/p><p><a href=\"http:\/\/www.cinemanext.at\/events\/soleil-film-juergen-karasek-und-filip-antoni-malinowski\"><strong>Interview<\/strong> mit Dominik Tsch\u00fctscher f\u00fcr <strong>CINEMA NEXT<\/strong> &#8211; Talents to Watch<\/a><\/p><p><a title=\"https:\/\/vimeo.com\/soleilfilm\/videos\" href=\"https:\/\/vimeo.com\/soleilfilm\/videos\" target=\"_blank\" rel=\"noopener noreferrer\">Unser Vimeo Kanal<\/a><\/p><p><a href=\"https:\/\/www.soleilfilm.at\/blog\/de\/wp-content\/uploads\/sites\/4\/37168DSC_0126-1024x684.jpg\"><img decoding=\"async\" class=\"alignnone wp-image-3848 size-medium\" src=\"https:\/\/www.soleilfilm.at\/blog\/de\/wp-content\/uploads\/sites\/4\/37168DSC_0126-1024x684-600x401.jpg\" alt=\"\" width=\"600\" height=\"401\" srcset=\"https:\/\/2015.soleilfilm.at\/de\/wp-content\/uploads\/sites\/4\/37168DSC_0126-1024x684-600x401.jpg 600w, https:\/\/2015.soleilfilm.at\/de\/wp-content\/uploads\/sites\/4\/37168DSC_0126-1024x684-768x513.jpg 768w, https:\/\/2015.soleilfilm.at\/de\/wp-content\/uploads\/sites\/4\/37168DSC_0126-1024x684.jpg 1024w, https:\/\/2015.soleilfilm.at\/de\/wp-content\/uploads\/sites\/4\/37168DSC_0126-1024x684-800x534.jpg 800w\" sizes=\"(max-width: 600px) 100vw, 600px\" \/><\/a><\/p><p><a href=\"https:\/\/www.soleilfilm.at\/blog\/de\/wp-content\/uploads\/sites\/4\/Ju\u0308rgen-Karasek-Soleil-Film.jpg\"><img loading=\"lazy\" decoding=\"async\" class=\"alignleft wp-image-3872 size-thumbnail\" src=\"https:\/\/www.soleilfilm.at\/blog\/de\/wp-content\/uploads\/sites\/4\/Ju\u0308rgen-Karasek-Soleil-Film-e1556894228214-146x150.jpg\" alt=\"\" width=\"146\" height=\"150\" \/><\/a><a href=\"http:\/\/www.imdb.com\/name\/nm2752161\/\"><strong><b>J\u00fcrgen Karasek<\/b><\/strong><\/a> &#8211; Produzent, Regisseur, Drehbuchautor<br \/>geboren in Kulmbach\/Deutschland \u2013 +43 699 12397478<br \/>j.karasek\u2600soleilfilm.at\u00a0 I <a href=\"https:\/\/www.soleilfilm.at\/blog\/de\/wp-content\/uploads\/sites\/4\/CV_Ju\u0308rgen-Karasek_deutsch.pdf\">Lebenslauf<\/a><\/p><p>Magister in Theater-, Film- und Medienwissenschaften | Studium der Psychologie und der Geschichte in Wien. Seit 2004 freischaffender Regisseur und Drehbuchautor. Sein erster Spielfilm \u201c<a href=\"http:\/\/www.waitingforthemoon.net\/\">Warten auf den Mond<\/a>\u201d als Regisseur und Produzent wurde auf mehreren internationalen Festivals gezeigt. Seine letzten Kurzfilme \u201c<a href=\"http:\/\/www.novemberlichter.at\/\">Novemberlichter<\/a>\u201d (A, 2013, 30 Festivals, 5 Auszeichnungen) und <a href=\"https:\/\/www.soleilfilm.at\/blog\/de\/?portfolio=der-ausflug\">\u201cDer Ausflug\u201d<\/a> (A, 2018) gewannen unter anderem beide den Thomas-Pluch-Drehbuchpreis bei der Diagonale.\u00a0 Neben seiner T\u00e4tigkeit als Drehbuchautor und Regisseur ist er aktiver Produzent, mit Fokus in den Bereichen Finanzierung und Stoffentwicklung.<\/p><p>J\u00fcrgen ist Mitbegr\u00fcnder und Miteigent\u00fcmer von Soleil Film. Seit der Firmengr\u00fcndung 2008 hat er zahlreiche Dokumentar- und Kurzfilme mitentwickelt und produziert. In den letzten Jahren hat er an zahlreichen Weiterbildungsseminaren, Workshops und Pitches teilgenommen ua: <a href=\"http:\/\/www.berlinale-talents.de\/campus\/event\/coveragex\">Berlinale Talent Campus<\/a>, <a href=\"http:\/\/www.maiaworkshops.org\/\">Maia<\/a> Workshops, Zagreb Dox Pro Pitch, Baltic Sea Docs Forum, Dok-Leipzig Coproduction Meeting, Sources2 (2011,2013,2016,2017), East European Forum, Co-Pro Telaviv, MediMed Sitges, Re-Act Triest, Dok.fest M\u00fcnchen Marketplace (2015,2016,2018), Equinoxe, Jihlava New Visions, Ex-Oriente.<\/p><p><a href=\"https:\/\/www.soleilfilm.at\/blog\/de\/wp-content\/uploads\/sites\/4\/00.jpeg\"><img loading=\"lazy\" decoding=\"async\" class=\"alignleft wp-image-4068 size-thumbnail\" src=\"https:\/\/www.soleilfilm.at\/blog\/de\/wp-content\/uploads\/sites\/4\/00-150x150.jpeg\" alt=\"\" width=\"150\" height=\"150\" srcset=\"https:\/\/2015.soleilfilm.at\/de\/wp-content\/uploads\/sites\/4\/00-150x150.jpeg 150w, https:\/\/2015.soleilfilm.at\/de\/wp-content\/uploads\/sites\/4\/00-80x80.jpeg 80w\" sizes=\"(max-width: 150px) 100vw, 150px\" \/><\/a><a href=\"http:\/\/www.imdb.com\/name\/nm2746348\/\"><b><strong>Filip Antoni Malinowski<\/strong><\/b><\/a> \u2013 Produzent &amp; Regisseur,\u00a0 Drehbuchautor<br \/>geboren in Pozna\u0144, Polen<br \/>malinowski\u2600soleilfilm.at<br \/><a href=\"http:\/\/www.filipmalinowski.net\">private Seite<\/a><\/p><p>Als Kind aus der sozialistischen Volksrepublik Polen nach \u00d6sterreich emigriert. Studium der Film- und Medientheorie an der Universit\u00e4t Wien und der Bildenden Kunst an der Akademie der Bildenden K\u00fcnste in Wien in der Klasse f\u00fcr Kunst und Kino von <a href=\"http:\/\/youtu.be\/nlyf-IiU95o\">Harun Farocki<\/a>. Gewinner des W\u00fcrdigungspreises f\u00fcr Bildende Kunst. Aktiv als Produzent (18 Filme) und als Regisseur. Erster Spielfilm als Produzent &amp; Kameramann \u201c<a href=\"https:\/\/www.soleilfilm.at\/blog\/de\/?portfolio=warten-auf-den-mond-waiting-for-the-moon\" target=\"_blank\" rel=\"noopener noreferrer\">Warten auf den Mond<\/a>\u201d wurde 2008 nach drei Jahren Produktion auf dem \u00f6sterreichischen Filmfestival <a href=\"http:\/\/www.diagonale.at\/\">Diagonale<\/a> Graz uraufgef\u00fchrt.<\/p><p>Gr\u00fcndungsmitglied von Soleil Film im Jahr 2008. Regisseur des mit Preisen ausgezeichneten langen Dokumentarfilmes <a href=\"http:\/\/www.soleilfilm.at\/mariamusspacken\/\" target=\"_blank\" rel=\"noopener noreferrer\">\u201cMaria muss packen\u201d (\u201cResettlement\u201d)<\/a> (33 Festivals) und von \u201c<a href=\"https:\/\/www.soleilfilm.at\/blog\/de\/?portfolio=guardians-of-the-earth\">Guardians Of The Earth<\/a>\u201d (27 Festivals).<\/p><p>Mitglied der Verb\u00e4nde <a href=\"http:\/\/dok.at\/\">dok.at<\/a> und <a href=\"https:\/\/www.agdok.de\/\" target=\"_blank\" rel=\"noopener noreferrer\">AGdok.<\/a> Teilnahme an Industrieveranstaltungen wie<a href=\"http:\/\/www.berlinale-talents.de\/campus\/event\/coveragex\"> Berlinale Talents<\/a>,<a href=\"http:\/\/www.sources2.de\/\"> Sources2<\/a>, <a href=\"http:\/\/doclab.pl\/en_GB\/doc-lab\/co-to-jest\/\" target=\"_blank\" rel=\"noopener noreferrer\">Dragon Forum Polen<\/a>, <a href=\"http:\/\/powertothepixel.com\/\">Power to the Pixel<\/a> London,<a href=\"https:\/\/dokweb.net\/database\/organizations\/about\/e9f9f015-def2-4d46-868e-09fa0be16201\/zagrebdox-pro\" target=\"_blank\" rel=\"noopener noreferrer\"> Zagreb Dox Pro<\/a>, Jihlava Emerging Producers, Baltic Forum, <a href=\"https:\/\/www.dokfest-muenchen.de\/Marktplatz_forum?lang=de\" target=\"_blank\" rel=\"noopener noreferrer\">Dokfest Marketplace M\u00fcnchen<\/a>, Dok Leipzig Co-production Meeting, <a href=\"https:\/\/www.nowehoryzonty.pl\/artykul.do?id=2584\" target=\"_blank\" rel=\"noopener noreferrer\">New Horizons Studio<\/a>, Dok Leipzig Net Lab &amp; <a href=\"http:\/\/www.dokweb.net\/en\/east-european-forum\/\">East European Forum in Prag<\/a>. Seit 2008 als Lektor an \u00f6sterreichischen Hochschulen t\u00e4tig. Nominiert f\u00fcr den polnischen Kulturpreis \u201c<a href=\"https:\/\/en.wikipedia.org\/wiki\/Paszport_Polityki\" target=\"_blank\" rel=\"noopener noreferrer\">Paszport Polityki<\/a>\u201d in 2013. Sein letzter Film &#8222;<a href=\"http:\/\/guardians-of-the-earth.net\" target=\"_blank\" rel=\"noopener noreferrer\">Guardians Of The Earth<\/a>&#8220; erreichte ein Publikum von China \u00fcber Australien bis in die USA. Sprecher bei TEDx Vienna im Volkstheater Wien und bei zahlreichen \u00f6ffentlichen Keynotes. Experte und Entscheidungstr\u00e4ger auf fachspezifischen Foren und in der \u00f6ffentlichen Filmf\u00f6rderung. Red Drops ist sein erster Spielfilm als Regisseur.<\/p><p><a href=\"https:\/\/www.soleilfilm.at\/blog\/de\/wp-content\/uploads\/sites\/4\/IMG_6290-copya.jpg\"><img loading=\"lazy\" decoding=\"async\" class=\"wp-image-4147 alignleft\" src=\"https:\/\/www.soleilfilm.at\/blog\/de\/wp-content\/uploads\/sites\/4\/IMG_6290-copya-596x600.jpg\" alt=\"\" width=\"149\" height=\"150\" srcset=\"https:\/\/2015.soleilfilm.at\/de\/wp-content\/uploads\/sites\/4\/IMG_6290-copya-596x600.jpg 596w, https:\/\/2015.soleilfilm.at\/de\/wp-content\/uploads\/sites\/4\/IMG_6290-copya-1018x1024.jpg 1018w, https:\/\/2015.soleilfilm.at\/de\/wp-content\/uploads\/sites\/4\/IMG_6290-copya-150x150.jpg 150w, https:\/\/2015.soleilfilm.at\/de\/wp-content\/uploads\/sites\/4\/IMG_6290-copya-768x773.jpg 768w, https:\/\/2015.soleilfilm.at\/de\/wp-content\/uploads\/sites\/4\/IMG_6290-copya-80x80.jpg 80w, https:\/\/2015.soleilfilm.at\/de\/wp-content\/uploads\/sites\/4\/IMG_6290-copya-800x805.jpg 800w, https:\/\/2015.soleilfilm.at\/de\/wp-content\/uploads\/sites\/4\/IMG_6290-copya.jpg 1174w\" sizes=\"(max-width: 149px) 100vw, 149px\" \/><\/a><a href=\"https:\/\/www.imdb.com\/de\/name\/nm2785673\/?ref_=fn_all_nme_1\"><strong>Alice Karasek<\/strong><\/a> &#8211; Produzentin &amp; Regisseurin, Autorin<br \/>geboren in Wien &#8211; +43 699 19093777<br \/>a.karasek\u2600soleilfilm.at<\/p><p>Bachelor-Studium in Media and Cultural Studies, London College of Communications in England; Master in Journalismus, Donauuniversit\u00e4t Krems. Langj\u00e4hrige T\u00e4tigkeit im Bereich Fernsehen als Produzentin, Autorin, Gestalterin und Redakteurin vorrangig f\u00fcr den ORF.<\/p><p>Alice ist Gr\u00fcndungsmitglied und Gesellschafterin von Soleil Film und hat seit der Firmengr\u00fcndung 2008 an zahlreichen Projekten mitgearbeitet. Neben ihrer Produzentinenarbeit war sie beim dok.film <a href=\"https:\/\/www.soleilfilm.at\/blog\/de\/?portfolio=when-the-mask-falls\">\u201eZwischen Rampenlicht und Rotlicht\u201c<\/a> Konzeptautorin und beim dok.film <a href=\"https:\/\/www.soleilfilm.at\/blog\/de\/?portfolio=das-kuenstlerhaus-aufruhr-i-umbruch\">\u201eDas K\u00fcnstlerhaus \u2013 Aufruhr\/Umruhr\u201c<\/a> als Autorin und Regisseurin (gemeinsam mit Tristan Zahornicky) t\u00e4tig. Weiters ist sie Autorin und Gestalterin der Serie <a href=\"https:\/\/www.soleilfilm.at\/blog\/de\/portfolio\/klimakrach\/\">&#8222;Klimakrach&#8220;<\/a>.<\/p><p style=\"text-align: left;\"><a href=\"http:\/\/www.soleilfilm.at\/blog\/de\/wp-content\/uploads\/sites\/4\/Foto_Sebastian-Schmidl_small_1-scaled-e1749582999134.jpg\"><img loading=\"lazy\" decoding=\"async\" class=\"wp-image-4686 alignleft\" src=\"http:\/\/www.soleilfilm.at\/blog\/de\/wp-content\/uploads\/sites\/4\/Foto_Sebastian-Schmidl_small_1-scaled-e1749582999134-1024x980.jpg\" alt=\"\" width=\"159\" height=\"152\" srcset=\"https:\/\/2015.soleilfilm.at\/de\/wp-content\/uploads\/sites\/4\/Foto_Sebastian-Schmidl_small_1-scaled-e1749582999134-1024x980.jpg 1024w, https:\/\/2015.soleilfilm.at\/de\/wp-content\/uploads\/sites\/4\/Foto_Sebastian-Schmidl_small_1-scaled-e1749582999134-600x574.jpg 600w, https:\/\/2015.soleilfilm.at\/de\/wp-content\/uploads\/sites\/4\/Foto_Sebastian-Schmidl_small_1-scaled-e1749582999134-768x735.jpg 768w, https:\/\/2015.soleilfilm.at\/de\/wp-content\/uploads\/sites\/4\/Foto_Sebastian-Schmidl_small_1-scaled-e1749582999134-1536x1470.jpg 1536w, https:\/\/2015.soleilfilm.at\/de\/wp-content\/uploads\/sites\/4\/Foto_Sebastian-Schmidl_small_1-scaled-e1749582999134.jpg 2001w\" sizes=\"(max-width: 159px) 100vw, 159px\" \/><\/a><a href=\"https:\/\/www.imdb.com\/de\/name\/nm4820796\/?ref_=fn_all_nme_1\"><strong>Sebastian Schmidl<\/strong><\/a> &#8211; Produzent &amp; Regisseur, Autor<br \/>geboren in Wien &#8211; +436607741884<br \/>s.schmidl\u2600soleilfilm.at<\/p><p>Sebastian Schmidl, geboren in Wien, Studium am Filmcollege Wien. Sebastian ist als Produzent, Regisseur und Drehbuchautor t\u00e4tig. Die von ihm produzierten Kurz- und Mittellangen Spielfilme wurden weltweit bei u\u0308ber 100 Filmfestivals pr\u00e4sentiert und mehrfach ausgezeichnet u.a. mit dem \u00d6sterreichischen Filmpreis, beim <a href=\"https:\/\/clermont-filmfest.org\/en\/global\/home\/\">Clermont-Ferrand International Film Festival<\/a> in Frankreich pr\u00e4miert, dreimal fu\u0308r den <a href=\"https:\/\/www.firststeps.de\/\">First Steps Award<\/a> in Berlin nominiert, dreimal beim <a href=\"https:\/\/camerimage.pl\/en\/energacamerimage\">Camerimage Film Festival<\/a> pr\u00e4sentiert, viermal im Wettbewerb beim <a href=\"https:\/\/ffmop.de\/\">Film Festival Max Ophu\u0308ls Preis<\/a> eingeladen und zweimal beim <a href=\"https:\/\/www.psfilmfest.org\/shortfest-2025\">Palms Springs ShortFest <\/a>in den USA gezeigt.<\/p><p>Als Co-Autor realisierte er den Kinospielfilm <a href=\"https:\/\/www.zerschlagmeinherz.at\/\">\u201eZerschlag mein Herz\u201c<\/a>, ein Sozial-Drama dass landesweit in den \u00f6sterreichischen Kinos zu sehen war, mit der Akademie-Romy in der Kategorie Beste Produktion-Spielfilm ausgezeichnet werden konnte und ebenfalls bei unz\u00e4hligen internationalen Film Festivals pr\u00e4sentiert wurde. Daru\u0308berhinaus erhielt er das START Stipendium fu\u0308r Filmkunst vom BMKOES und zus\u00e4tzlich unterrichtet er als Universit\u00e4ts-Lektor eine Filmklasse an der Technischen Universit\u00e4t Wien. Seit Juni 2025 ist er bei Soleil Film als Produzent, Regisseur und Drehbuchautor fu\u0308r Kinospielfilme t\u00e4tig.<\/p><p><strong><span style=\"text-decoration: underline;\">EIN BLICK IN UNSER B\u00dcRO<br \/><\/span><\/strong><\/p><p><a href=\"http:\/\/www.soleilfilm.at\/blog\/wp-content\/uploads\/soleil-film-bu\u0308ro.jpg\"><img loading=\"lazy\" decoding=\"async\" class=\"alignnone size-large wp-image-3128\" src=\"http:\/\/www.soleilfilm.at\/blog\/wp-content\/uploads\/soleil-film-bu\u0308ro-910x1024.jpg\" alt=\"\" width=\"910\" height=\"1024\" \/><\/a><\/p>\t\t\t\t\t\t\t\t<\/div>\n\t\t\t\t<\/div>\n\t\t\t\t<\/div>\n\t\t\t\t<\/div>\n\t\t","protected":false},"excerpt":{"rendered":"<p>Alle filmischen Erz\u00e4hlformen haben f\u00fcr uns ihre Faszination &#8211; wir arbeiten an Dokumentarfilmen und Spielfilmen, f\u00fcr Kino und f\u00fcr Fernsehen. [&hellip;]<\/p>\n","protected":false},"author":1,"featured_media":0,"parent":0,"menu_order":0,"comment_status":"closed","ping_status":"closed","template":"","meta":{"site-sidebar-layout":"default","site-content-layout":"","ast-site-content-layout":"default","site-content-style":"default","site-sidebar-style":"default","ast-global-header-display":"","ast-banner-title-visibility":"","ast-main-header-display":"","ast-hfb-above-header-display":"","ast-hfb-below-header-display":"","ast-hfb-mobile-header-display":"","site-post-title":"","ast-breadcrumbs-content":"","ast-featured-img":"","footer-sml-layout":"","ast-disable-related-posts":"","theme-transparent-header-meta":"","adv-header-id-meta":"","stick-header-meta":"","header-above-stick-meta":"","header-main-stick-meta":"","header-below-stick-meta":"","astra-migrate-meta-layouts":"default","ast-page-background-enabled":"default","ast-page-background-meta":{"desktop":{"background-color":"var(--ast-global-color-4)","background-image":"","background-repeat":"repeat","background-position":"center center","background-size":"auto","background-attachment":"scroll","background-type":"","background-media":"","overlay-type":"","overlay-color":"","overlay-opacity":"","overlay-gradient":""},"tablet":{"background-color":"","background-image":"","background-repeat":"repeat","background-position":"center center","background-size":"auto","background-attachment":"scroll","background-type":"","background-media":"","overlay-type":"","overlay-color":"","overlay-opacity":"","overlay-gradient":""},"mobile":{"background-color":"","background-image":"","background-repeat":"repeat","background-position":"center center","background-size":"auto","background-attachment":"scroll","background-type":"","background-media":"","overlay-type":"","overlay-color":"","overlay-opacity":"","overlay-gradient":""}},"ast-content-background-meta":{"desktop":{"background-color":"var(--ast-global-color-5)","background-image":"","background-repeat":"repeat","background-position":"center center","background-size":"auto","background-attachment":"scroll","background-type":"","background-media":"","overlay-type":"","overlay-color":"","overlay-opacity":"","overlay-gradient":""},"tablet":{"background-color":"var(--ast-global-color-5)","background-image":"","background-repeat":"repeat","background-position":"center center","background-size":"auto","background-attachment":"scroll","background-type":"","background-media":"","overlay-type":"","overlay-color":"","overlay-opacity":"","overlay-gradient":""},"mobile":{"background-color":"var(--ast-global-color-5)","background-image":"","background-repeat":"repeat","background-position":"center center","background-size":"auto","background-attachment":"scroll","background-type":"","background-media":"","overlay-type":"","overlay-color":"","overlay-opacity":"","overlay-gradient":""}},"footnotes":""},"class_list":["post-3268","page","type-page","status-publish","hentry"],"_links":{"self":[{"href":"https:\/\/2015.soleilfilm.at\/de\/wp-json\/wp\/v2\/pages\/3268","targetHints":{"allow":["GET"]}}],"collection":[{"href":"https:\/\/2015.soleilfilm.at\/de\/wp-json\/wp\/v2\/pages"}],"about":[{"href":"https:\/\/2015.soleilfilm.at\/de\/wp-json\/wp\/v2\/types\/page"}],"author":[{"embeddable":true,"href":"https:\/\/2015.soleilfilm.at\/de\/wp-json\/wp\/v2\/users\/1"}],"replies":[{"embeddable":true,"href":"https:\/\/2015.soleilfilm.at\/de\/wp-json\/wp\/v2\/comments?post=3268"}],"version-history":[{"count":115,"href":"https:\/\/2015.soleilfilm.at\/de\/wp-json\/wp\/v2\/pages\/3268\/revisions"}],"predecessor-version":[{"id":4734,"href":"https:\/\/2015.soleilfilm.at\/de\/wp-json\/wp\/v2\/pages\/3268\/revisions\/4734"}],"wp:attachment":[{"href":"https:\/\/2015.soleilfilm.at\/de\/wp-json\/wp\/v2\/media?parent=3268"}],"curies":[{"name":"wp","href":"https:\/\/api.w.org\/{rel}","templated":true}]}}